{"id":75,"date":"2020-05-29T10:20:23","date_gmt":"2020-05-29T10:20:23","guid":{"rendered":"http:\/\/127.0.0.1\/wordpress\/?page_id=75"},"modified":"2020-05-29T10:20:23","modified_gmt":"2020-05-29T10:20:23","slug":"gagnez-des-cadeaux","status":"publish","type":"page","link":"http:\/\/lemandarinpalaiseau.fr\/index.php\/gagnez-des-cadeaux\/","title":{"rendered":"Gagnez des cadeaux !"},"content":{"rendered":"\n<p><strong>Cumulez des points de fid\u00e9lit\u00e9 \u00e0 chaque visite pour gagner des cadeaux !<\/strong><\/p>\n\n\n\n<figure class=\"wp-block-image size-large\"><img src=\"http:\/\/127.0.0.1\/wordpress\/wp-content\/uploads\/2020\/05\/cadeaux.jpg\" alt=\"\" class=\"wp-image-88\"\/><\/figure>\n\n\n\n<hr class=\"wp-block-separator\"\/>\n\n\n\n<p>A chaque visite dans notre restaurant ou \u00e0 chaque commande* (\u00e0 emporter ou livraison), vous recevrez des points de fid\u00e9lit\u00e9 sous forme de coupons. Cumulez les et \u00e9changez les contre des cadeaux. Les lots sont visualisables en vitrine dans notre restaurant.<\/p>\n\n\n\n<p>Coupons disponibles :<\/p>\n\n\n\n<ul><li><strong>10 points<\/strong><\/li><li><strong>15 points<\/strong><\/li><li><strong>20 points<\/strong><\/li><li><strong>25 points<\/strong><\/li><li><strong>30 points<\/strong><\/li><li><strong>50 points<\/strong><\/li><\/ul>\n\n\n\n<p>* \u00e0 demander lors de la commande<\/p>\n","protected":false},"excerpt":{"rendered":"<p>Cumulez des points de fid\u00e9lit\u00e9 \u00e0 chaque visite pour gagner des cadeaux ! A chaque visite dans notre restaurant ou \u00e0 chaque commande* (\u00e0 emporter ou livraison), vous recevrez des points de fid\u00e9lit\u00e9 sous forme de coupons. Cumulez les et \u00e9changez les contre des cadeaux. Les lots sont visualisables en vitrine dans notre restaurant. Coupons [&hellip;]<\/p>\n","protected":false},"author":1,"featured_media":0,"parent":0,"menu_order":0,"comment_status":"closed","ping_status":"closed","template":"","meta":[],"aioseo_notices":[],"_links":{"self":[{"href":"http:\/\/lemandarinpalaiseau.fr\/index.php\/wp-json\/wp\/v2\/pages\/75"}],"collection":[{"href":"http:\/\/lemandarinpalaiseau.fr\/index.php\/wp-json\/wp\/v2\/pages"}],"about":[{"href":"http:\/\/lemandarinpalaiseau.fr\/index.php\/wp-json\/wp\/v2\/types\/page"}],"author":[{"embeddable":true,"href":"http:\/\/lemandarinpalaiseau.fr\/index.php\/wp-json\/wp\/v2\/users\/1"}],"replies":[{"embeddable":true,"href":"http:\/\/lemandarinpalaiseau.fr\/index.php\/wp-json\/wp\/v2\/comments?post=75"}],"version-history":[{"count":0,"href":"http:\/\/lemandarinpalaiseau.fr\/index.php\/wp-json\/wp\/v2\/pages\/75\/revisions"}],"wp:attachment":[{"href":"http:\/\/lemandarinpalaiseau.fr\/index.php\/wp-json\/wp\/v2\/media?parent=75"}],"curies":[{"name":"wp","href":"https:\/\/api.w.org\/{rel}","templated":true}]}}