{"id":82,"date":"2020-05-29T10:52:04","date_gmt":"2020-05-29T10:52:04","guid":{"rendered":"http:\/\/127.0.0.1\/wordpress\/?page_id=82"},"modified":"2020-05-29T10:52:04","modified_gmt":"2020-05-29T10:52:04","slug":"copyright","status":"publish","type":"page","link":"http:\/\/lemandarinpalaiseau.fr\/index.php\/copyright\/","title":{"rendered":"Copyright"},"content":{"rendered":"\n<h1>Propri\u00e9t\u00e9 intellectuelle<\/h1>\n\n\n\n<p>Sous r\u00e9serve des droits \u00e9ventuels de partenaires de CHEN JORYS&nbsp;ou de tout autre tiers, les Utilisateurs reconnaissent que le Site (comprenant l&#8217;ensemble des informations accessibles au titre du Service, notamment sous forme de textes, photos, images, sons, donn\u00e9es, bases de donn\u00e9es et programmes t\u00e9l\u00e9chargeables, y compris la technologie sous-jacente), est prot\u00e9g\u00e9 par des droits de propri\u00e9t\u00e9 intellectuelle et\/ou autres droits que CHEN JORYS&nbsp;d\u00e9tient ou dont elle est autoris\u00e9e \u00e0 faire usage.<\/p>\n\n\n\n<p>Les Utilisateurs ne peuvent en aucun cas stocker hors session de connexion, reproduire, repr\u00e9senter, modifier, transmettre, publier, adapter sur quelque support que ce soit, par quelque moyen que ce soit ou exploiter de quelque mani\u00e8re que ce soit, les \u00e9l\u00e9ments du Site et le Site lui-m\u00eame sans l\u00b4autorisation pr\u00e9alable \u00e9crite de CHEN JORYS.<\/p>\n\n\n\n<p>Les Utilisateurs devront respecter toutes les mentions relatives aux droits de propri\u00e9t\u00e9 intellectuelle et autres droits de CHEN JORYS&nbsp;(ou de tiers) sur le Site et ne pas les alt\u00e9rer, les supprimer, les modifier ou en faire usage sans l&#8217;autorisation pr\u00e9alable \u00e9crite de CHEN JORYS&nbsp;ou autrement y porter atteinte.<\/p>\n\n\n\n<p>Ecrivez-nous si vous ne trouvez pas de r\u00e9ponse \u00e0 votre question dans ces rubriques.<\/p>\n","protected":false},"excerpt":{"rendered":"<p>Propri\u00e9t\u00e9 intellectuelle Sous r\u00e9serve des droits \u00e9ventuels de partenaires de CHEN JORYS&nbsp;ou de tout autre tiers, les Utilisateurs reconnaissent que le Site (comprenant l&#8217;ensemble des informations accessibles au titre du Service, notamment sous forme de textes, photos, images, sons, donn\u00e9es, bases de donn\u00e9es et programmes t\u00e9l\u00e9chargeables, y compris la technologie sous-jacente), est prot\u00e9g\u00e9 par des [&hellip;]<\/p>\n","protected":false},"author":1,"featured_media":0,"parent":0,"menu_order":0,"comment_status":"closed","ping_status":"closed","template":"","meta":[],"aioseo_notices":[],"_links":{"self":[{"href":"http:\/\/lemandarinpalaiseau.fr\/index.php\/wp-json\/wp\/v2\/pages\/82"}],"collection":[{"href":"http:\/\/lemandarinpalaiseau.fr\/index.php\/wp-json\/wp\/v2\/pages"}],"about":[{"href":"http:\/\/lemandarinpalaiseau.fr\/index.php\/wp-json\/wp\/v2\/types\/page"}],"author":[{"embeddable":true,"href":"http:\/\/lemandarinpalaiseau.fr\/index.php\/wp-json\/wp\/v2\/users\/1"}],"replies":[{"embeddable":true,"href":"http:\/\/lemandarinpalaiseau.fr\/index.php\/wp-json\/wp\/v2\/comments?post=82"}],"version-history":[{"count":0,"href":"http:\/\/lemandarinpalaiseau.fr\/index.php\/wp-json\/wp\/v2\/pages\/82\/revisions"}],"wp:attachment":[{"href":"http:\/\/lemandarinpalaiseau.fr\/index.php\/wp-json\/wp\/v2\/media?parent=82"}],"curies":[{"name":"wp","href":"https:\/\/api.w.org\/{rel}","templated":true}]}}